{"id":73,"date":"2021-05-21T11:55:17","date_gmt":"2021-05-21T11:55:17","guid":{"rendered":"https:\/\/cuib.assoc.ro\/?page_id=73"},"modified":"2021-06-26T16:47:48","modified_gmt":"2021-06-26T16:47:48","slug":"comunicate","status":"publish","type":"page","link":"https:\/\/is.assoc.ro\/?page_id=73","title":{"rendered":"COMUNICATE"},"content":{"rendered":"\t\t<div data-elementor-type=\"wp-page\" data-elementor-id=\"73\" class=\"elementor elementor-73\" data-elementor-post-type=\"page\">\n\t\t\t\t\t\t<section class=\"elementor-section elementor-top-section elementor-element elementor-element-3686800c elementor-section-boxed elementor-section-height-default elementor-section-height-default\" data-id=\"3686800c\" data-element_type=\"section\" data-e-type=\"section\">\n\t\t\t\t\t\t<div class=\"elementor-container elementor-column-gap-default\">\n\t\t\t\t\t<div class=\"elementor-column elementor-col-100 elementor-top-column elementor-element elementor-element-76bb5f2a\" data-id=\"76bb5f2a\" data-element_type=\"column\" data-e-type=\"column\">\n\t\t\t<div class=\"elementor-widget-wrap elementor-element-populated\">\n\t\t\t\t\t\t<div class=\"elementor-element elementor-element-1ac617ec elementor-widget elementor-widget-text-editor\" data-id=\"1ac617ec\" data-element_type=\"widget\" data-e-type=\"widget\" data-widget_type=\"text-editor.default\">\n\t\t\t\t\t\t\t\t\t<h3>COMUNICATE<\/h3>\t\t\t\t\t\t\t\t<\/div>\n\t\t\t\t\t<\/div>\n\t\t<\/div>\n\t\t\t\t\t<\/div>\n\t\t<\/section>\n\t\t\t\t<section class=\"elementor-section elementor-top-section elementor-element elementor-element-30a1a0e1 elementor-section-boxed elementor-section-height-default elementor-section-height-default\" data-id=\"30a1a0e1\" data-element_type=\"section\" data-e-type=\"section\">\n\t\t\t\t\t\t<div class=\"elementor-container elementor-column-gap-no\">\n\t\t\t\t\t<div class=\"elementor-column elementor-col-100 elementor-top-column elementor-element elementor-element-21309b77\" data-id=\"21309b77\" data-element_type=\"column\" data-e-type=\"column\">\n\t\t\t<div class=\"elementor-widget-wrap elementor-element-populated\">\n\t\t\t\t\t\t<div class=\"elementor-element elementor-element-29cb5b17 elementor-grid-tablet-1 elementor-grid-3 elementor-grid-mobile-1 elementor-posts--thumbnail-top elementor-posts__hover-gradient elementor-widget elementor-widget-posts\" data-id=\"29cb5b17\" data-element_type=\"widget\" data-e-type=\"widget\" data-settings=\"{&quot;cards_columns_tablet&quot;:&quot;1&quot;,&quot;cards_row_gap&quot;:{&quot;unit&quot;:&quot;px&quot;,&quot;size&quot;:70,&quot;sizes&quot;:[]},&quot;cards_columns&quot;:&quot;3&quot;,&quot;cards_columns_mobile&quot;:&quot;1&quot;,&quot;cards_row_gap_tablet&quot;:{&quot;unit&quot;:&quot;px&quot;,&quot;size&quot;:&quot;&quot;,&quot;sizes&quot;:[]},&quot;cards_row_gap_mobile&quot;:{&quot;unit&quot;:&quot;px&quot;,&quot;size&quot;:&quot;&quot;,&quot;sizes&quot;:[]}}\" data-widget_type=\"posts.cards\">\n\t\t\t\t<div class=\"elementor-widget-container\">\n\t\t\t\t\t\t\t<div class=\"elementor-posts-container elementor-posts elementor-posts--skin-cards elementor-grid\" role=\"list\">\n\t\t\t\t<article class=\"elementor-post elementor-grid-item post-45994 post type-post status-publish format-standard has-post-thumbnail hentry category-comunicate category-noutati tag-devinosolidar tag-economiesociala tag-intreprinderesociala\" role=\"listitem\">\n\t\t\t<div class=\"elementor-post__card\">\n\t\t\t\t<a class=\"elementor-post__thumbnail__link\" href=\"https:\/\/is.assoc.ro\/?p=45994\" tabindex=\"-1\" ><div class=\"elementor-post__thumbnail\"><img fetchpriority=\"high\" decoding=\"async\" width=\"765\" height=\"637\" src=\"https:\/\/is.assoc.ro\/wp-content\/uploads\/2025\/03\/309882_Logo_Color_png.png\" class=\"attachment-full size-full wp-image-45996\" alt=\"\" srcset=\"https:\/\/is.assoc.ro\/wp-content\/uploads\/2025\/03\/309882_Logo_Color_png.png 765w, https:\/\/is.assoc.ro\/wp-content\/uploads\/2025\/03\/309882_Logo_Color_png-300x250.png 300w\" sizes=\"(max-width: 765px) 100vw, 765px\" \/><\/div><\/a>\n\t\t\t\t<div class=\"elementor-post__text\">\n\t\t\t\t<h3 class=\"elementor-post__title\">\n\t\t\t<a href=\"https:\/\/is.assoc.ro\/?p=45994\" >\n\t\t\t\tProvocarea ASSOC pentru poten\u021biali antreprenori: Devino solidar \u0219i investe\u0219te \u00een economia social\u0103\t\t\t<\/a>\n\t\t<\/h3>\n\t\t\t\t<div class=\"elementor-post__excerpt\">\n\t\t\t<p>Proiectul \u201eSolidaritate, sprijin \u0219i ocupare \u00een \u00eentreprinderi sociale\u201d, lansat de Asocia\u021bia ASSOC, marcheaz\u0103 startul unei noi etape de \u00eencurajare a economiei sociale \u00een regiunea de Nord-Vest, prin care persoane din<\/p>\n\t\t<\/div>\n\t\t\n\t\t<a class=\"elementor-post__read-more\" href=\"https:\/\/is.assoc.ro\/?p=45994\" aria-label=\"Read more about Provocarea ASSOC pentru poten\u021biali antreprenori: Devino solidar \u0219i investe\u0219te \u00een economia social\u0103\" tabindex=\"-1\" >\n\t\t\tCITE\u0218TE INTEGRAL...\t\t<\/a>\n\n\t\t\t\t<\/div>\n\t\t\t\t\t<\/div>\n\t\t<\/article>\n\t\t\t\t<article class=\"elementor-post elementor-grid-item post-46026 post type-post status-publish format-standard hentry category-comunicate category-noutati\" role=\"listitem\">\n\t\t\t<div class=\"elementor-post__card\">\n\t\t\t\t<div class=\"elementor-post__text\">\n\t\t\t\t<h3 class=\"elementor-post__title\">\n\t\t\t<a href=\"https:\/\/is.assoc.ro\/?p=46026\" >\n\t\t\t\tRevigorarea Comunit\u0103\u021bii Urbane prin Economia Social\u0103\t\t\t<\/a>\n\t\t<\/h3>\n\t\t\t\t<div class=\"elementor-post__excerpt\">\n\t\t\t<p>Asocia\u021bia ASSOC promoveaz\u0103 dezvoltarea competen\u021belor antreprenoriale specifice economiei sociale de peste un deceniu. Astfel, deruleaz\u0103 \u0219apte proiecte care vor crea oportunit\u0103\u021bi \u0219i sprijini ini\u021biativele antreprenoriale regionale prin \u00eenfiin\u021barea de \u00eentreprinderi<\/p>\n\t\t<\/div>\n\t\t\n\t\t<a class=\"elementor-post__read-more\" href=\"https:\/\/is.assoc.ro\/?p=46026\" aria-label=\"Read more about Revigorarea Comunit\u0103\u021bii Urbane prin Economia Social\u0103\" tabindex=\"-1\" >\n\t\t\tCITE\u0218TE INTEGRAL...\t\t<\/a>\n\n\t\t\t\t<\/div>\n\t\t\t\t\t<\/div>\n\t\t<\/article>\n\t\t\t\t<article class=\"elementor-post elementor-grid-item post-55249 post type-post status-publish format-standard hentry\" role=\"listitem\">\n\t\t\t<div class=\"elementor-post__card\">\n\t\t\t\t<div class=\"elementor-post__text\">\n\t\t\t\t<h3 class=\"elementor-post__title\">\n\t\t\t<a href=\"https:\/\/is.assoc.ro\/?p=55249\" >\n\t\t\t\tThe Best Vantage Points for Watching Races at Gosforth Park\t\t\t<\/a>\n\t\t<\/h3>\n\t\t\t\t<div class=\"elementor-post__excerpt\">\n\t\t\t<p>Why Location Beats Luck Even the most seasoned punter can&#8217;t cheat the track if they&#8217;re stuck behind a hedgerow. The moment you step onto Gosforth Park, the layout screams opportunities\u2014if<\/p>\n\t\t<\/div>\n\t\t\n\t\t<a class=\"elementor-post__read-more\" href=\"https:\/\/is.assoc.ro\/?p=55249\" aria-label=\"Read more about The Best Vantage Points for Watching Races at Gosforth Park\" tabindex=\"-1\" >\n\t\t\tCITE\u0218TE INTEGRAL...\t\t<\/a>\n\n\t\t\t\t<\/div>\n\t\t\t\t\t<\/div>\n\t\t<\/article>\n\t\t\t\t<article class=\"elementor-post elementor-grid-item post-55250 post type-post status-publish format-standard hentry\" role=\"listitem\">\n\t\t\t<div class=\"elementor-post__card\">\n\t\t\t\t<div class=\"elementor-post__text\">\n\t\t\t\t<h3 class=\"elementor-post__title\">\n\t\t\t<a href=\"https:\/\/is.assoc.ro\/?p=55250\" >\n\t\t\t\tHow to Capitalize on Early Season Overreactions\t\t\t<\/a>\n\t\t<\/h3>\n\t\t\t\t<div class=\"elementor-post__excerpt\">\n\t\t\t<p>Spotting the Shockwave Right off the bat, the market throws a tantrum when a big\u2011game result lands. Odds swing like a pendulum caught in a hurricane. You can smell the<\/p>\n\t\t<\/div>\n\t\t\n\t\t<a class=\"elementor-post__read-more\" href=\"https:\/\/is.assoc.ro\/?p=55250\" aria-label=\"Read more about How to Capitalize on Early Season Overreactions\" tabindex=\"-1\" >\n\t\t\tCITE\u0218TE INTEGRAL...\t\t<\/a>\n\n\t\t\t\t<\/div>\n\t\t\t\t\t<\/div>\n\t\t<\/article>\n\t\t\t\t<article class=\"elementor-post elementor-grid-item post-55253 post type-post status-publish format-standard hentry\" role=\"listitem\">\n\t\t\t<div class=\"elementor-post__card\">\n\t\t\t\t<div class=\"elementor-post__text\">\n\t\t\t\t<h3 class=\"elementor-post__title\">\n\t\t\t<a href=\"https:\/\/is.assoc.ro\/?p=55253\" >\n\t\t\t\tJak gra\u0107 systemem u bukmachera \u2013 rodzaje rozlicze\u0144 kupon\u00f3w\t\t\t<\/a>\n\t\t<\/h3>\n\t\t\t\t<div class=\"elementor-post__excerpt\">\n\t\t\t<p>Co to jest system w zak\u0142adach? System to nie jaka\u015b mistyczna formu\u0142a, to po prostu kombinacja wielu typ\u00f3w w jednym kuponie. Jedyny cel \u2013 podnie\u015b\u0107 szanse przy jednoczesnym zachowaniu kontroli<\/p>\n\t\t<\/div>\n\t\t\n\t\t<a class=\"elementor-post__read-more\" href=\"https:\/\/is.assoc.ro\/?p=55253\" aria-label=\"Read more about Jak gra\u0107 systemem u bukmachera \u2013 rodzaje rozlicze\u0144 kupon\u00f3w\" tabindex=\"-1\" >\n\t\t\tCITE\u0218TE INTEGRAL...\t\t<\/a>\n\n\t\t\t\t<\/div>\n\t\t\t\t\t<\/div>\n\t\t<\/article>\n\t\t\t\t<\/div>\n\t\t\n\t\t\t\t\t\t<\/div>\n\t\t\t\t<\/div>\n\t\t\t\t\t<\/div>\n\t\t<\/div>\n\t\t\t\t\t<\/div>\n\t\t<\/section>\n\t\t\t\t<\/div>\n\t\t","protected":false},"excerpt":{"rendered":"<p>COMUNICATE<\/p>\n","protected":false},"author":1,"featured_media":0,"parent":0,"menu_order":0,"comment_status":"closed","ping_status":"closed","template":"elementor_header_footer","meta":{"footnotes":""},"class_list":["post-73","page","type-page","status-publish","hentry"],"yoast_head":"<!-- This site is optimized with the Yoast SEO plugin v27.3 - https:\/\/yoast.com\/product\/yoast-seo-wordpress\/ -->\n<title>COMUNICATE -<\/title>\n<meta name=\"robots\" content=\"index, follow, max-snippet:-1, max-image-preview:large, max-video-preview:-1\" \/>\n<link rel=\"canonical\" href=\"https:\/\/is.assoc.ro\/?page_id=73\" \/>\n<meta property=\"og:locale\" content=\"en_US\" \/>\n<meta property=\"og:type\" content=\"article\" \/>\n<meta property=\"og:title\" content=\"COMUNICATE -\" \/>\n<meta property=\"og:description\" content=\"COMUNICATE\" \/>\n<meta property=\"og:url\" content=\"https:\/\/is.assoc.ro\/?page_id=73\" \/>\n<meta property=\"article:modified_time\" content=\"2021-06-26T16:47:48+00:00\" \/>\n<meta name=\"twitter:card\" content=\"summary_large_image\" \/>\n<script type=\"application\/ld+json\" class=\"yoast-schema-graph\">{\"@context\":\"https:\\\/\\\/schema.org\",\"@graph\":[{\"@type\":\"WebPage\",\"@id\":\"https:\\\/\\\/is.assoc.ro\\\/?page_id=73\",\"url\":\"https:\\\/\\\/is.assoc.ro\\\/?page_id=73\",\"name\":\"COMUNICATE -\",\"isPartOf\":{\"@id\":\"https:\\\/\\\/is.assoc.ro\\\/#website\"},\"datePublished\":\"2021-05-21T11:55:17+00:00\",\"dateModified\":\"2021-06-26T16:47:48+00:00\",\"breadcrumb\":{\"@id\":\"https:\\\/\\\/is.assoc.ro\\\/?page_id=73#breadcrumb\"},\"inLanguage\":\"en-US\",\"potentialAction\":[{\"@type\":\"ReadAction\",\"target\":[\"https:\\\/\\\/is.assoc.ro\\\/?page_id=73\"]}]},{\"@type\":\"BreadcrumbList\",\"@id\":\"https:\\\/\\\/is.assoc.ro\\\/?page_id=73#breadcrumb\",\"itemListElement\":[{\"@type\":\"ListItem\",\"position\":1,\"name\":\"Home\",\"item\":\"https:\\\/\\\/is.assoc.ro\\\/\"},{\"@type\":\"ListItem\",\"position\":2,\"name\":\"COMUNICATE\"}]},{\"@type\":\"WebSite\",\"@id\":\"https:\\\/\\\/is.assoc.ro\\\/#website\",\"url\":\"https:\\\/\\\/is.assoc.ro\\\/\",\"name\":\"\",\"description\":\"\",\"potentialAction\":[{\"@type\":\"SearchAction\",\"target\":{\"@type\":\"EntryPoint\",\"urlTemplate\":\"https:\\\/\\\/is.assoc.ro\\\/?s={search_term_string}\"},\"query-input\":{\"@type\":\"PropertyValueSpecification\",\"valueRequired\":true,\"valueName\":\"search_term_string\"}}],\"inLanguage\":\"en-US\"}]}<\/script>\n<!-- \/ Yoast SEO plugin. -->","yoast_head_json":{"title":"COMUNICATE -","robots":{"index":"index","follow":"follow","max-snippet":"max-snippet:-1","max-image-preview":"max-image-preview:large","max-video-preview":"max-video-preview:-1"},"canonical":"https:\/\/is.assoc.ro\/?page_id=73","og_locale":"en_US","og_type":"article","og_title":"COMUNICATE -","og_description":"COMUNICATE","og_url":"https:\/\/is.assoc.ro\/?page_id=73","article_modified_time":"2021-06-26T16:47:48+00:00","twitter_card":"summary_large_image","schema":{"@context":"https:\/\/schema.org","@graph":[{"@type":"WebPage","@id":"https:\/\/is.assoc.ro\/?page_id=73","url":"https:\/\/is.assoc.ro\/?page_id=73","name":"COMUNICATE -","isPartOf":{"@id":"https:\/\/is.assoc.ro\/#website"},"datePublished":"2021-05-21T11:55:17+00:00","dateModified":"2021-06-26T16:47:48+00:00","breadcrumb":{"@id":"https:\/\/is.assoc.ro\/?page_id=73#breadcrumb"},"inLanguage":"en-US","potentialAction":[{"@type":"ReadAction","target":["https:\/\/is.assoc.ro\/?page_id=73"]}]},{"@type":"BreadcrumbList","@id":"https:\/\/is.assoc.ro\/?page_id=73#breadcrumb","itemListElement":[{"@type":"ListItem","position":1,"name":"Home","item":"https:\/\/is.assoc.ro\/"},{"@type":"ListItem","position":2,"name":"COMUNICATE"}]},{"@type":"WebSite","@id":"https:\/\/is.assoc.ro\/#website","url":"https:\/\/is.assoc.ro\/","name":"","description":"","potentialAction":[{"@type":"SearchAction","target":{"@type":"EntryPoint","urlTemplate":"https:\/\/is.assoc.ro\/?s={search_term_string}"},"query-input":{"@type":"PropertyValueSpecification","valueRequired":true,"valueName":"search_term_string"}}],"inLanguage":"en-US"}]}},"_links":{"self":[{"href":"https:\/\/is.assoc.ro\/index.php?rest_route=\/wp\/v2\/pages\/73","targetHints":{"allow":["GET"]}}],"collection":[{"href":"https:\/\/is.assoc.ro\/index.php?rest_route=\/wp\/v2\/pages"}],"about":[{"href":"https:\/\/is.assoc.ro\/index.php?rest_route=\/wp\/v2\/types\/page"}],"author":[{"embeddable":true,"href":"https:\/\/is.assoc.ro\/index.php?rest_route=\/wp\/v2\/users\/1"}],"replies":[{"embeddable":true,"href":"https:\/\/is.assoc.ro\/index.php?rest_route=%2Fwp%2Fv2%2Fcomments&post=73"}],"version-history":[{"count":14,"href":"https:\/\/is.assoc.ro\/index.php?rest_route=\/wp\/v2\/pages\/73\/revisions"}],"predecessor-version":[{"id":267,"href":"https:\/\/is.assoc.ro\/index.php?rest_route=\/wp\/v2\/pages\/73\/revisions\/267"}],"wp:attachment":[{"href":"https:\/\/is.assoc.ro\/index.php?rest_route=%2Fwp%2Fv2%2Fmedia&parent=73"}],"curies":[{"name":"wp","href":"https:\/\/api.w.org\/{rel}","templated":true}]}}